{"id":18,"date":"2022-07-16T16:11:13","date_gmt":"2022-07-16T20:11:13","guid":{"rendered":"https:\/\/ungavapolarecotours.com\/?page_id=18"},"modified":"2022-08-12T12:22:39","modified_gmt":"2022-08-12T16:22:39","slug":"plan-du-site","status":"publish","type":"page","link":"https:\/\/ungavapolarecotours.com\/fr-ca\/plan-du-site\/","title":{"rendered":"Plan du site"},"content":{"rendered":"\t\t<div data-elementor-type=\"wp-page\" data-elementor-id=\"18\" class=\"elementor elementor-18\" data-elementor-post-type=\"page\">\n\t\t\t\t\t\t<section class=\"elementor-section elementor-top-section elementor-element elementor-element-ea573b8 elementor-section-height-min-height elementor-section-boxed elementor-section-height-default elementor-section-items-middle\" data-id=\"ea573b8\" data-element_type=\"section\" data-settings=\"{&quot;background_background&quot;:&quot;classic&quot;}\">\n\t\t\t\t\t\t<div class=\"elementor-container elementor-column-gap-default\">\n\t\t\t\t\t<div class=\"elementor-column elementor-col-100 elementor-top-column elementor-element elementor-element-9371732\" data-id=\"9371732\" data-element_type=\"column\">\n\t\t\t<div class=\"elementor-widget-wrap\">\n\t\t\t\t\t\t\t<\/div>\n\t\t<\/div>\n\t\t\t\t\t<\/div>\n\t\t<\/section>\n\t\t\t\t<section class=\"elementor-section elementor-top-section elementor-element elementor-element-80c0f44 elementor-section-boxed elementor-section-height-default elementor-section-height-default\" data-id=\"80c0f44\" data-element_type=\"section\">\n\t\t\t\t\t\t<div class=\"elementor-container elementor-column-gap-default\">\n\t\t\t\t\t<div class=\"elementor-column elementor-col-100 elementor-top-column elementor-element elementor-element-107a9ec\" data-id=\"107a9ec\" data-element_type=\"column\">\n\t\t\t<div class=\"elementor-widget-wrap elementor-element-populated\">\n\t\t\t\t\t\t<div class=\"elementor-element elementor-element-fcd7f7d elementor-widget elementor-widget-heading\" data-id=\"fcd7f7d\" data-element_type=\"widget\" data-widget_type=\"heading.default\">\n\t\t\t\t\t<h1 class=\"elementor-heading-title elementor-size-default\">Plan du site<\/h1>\t\t\t\t<\/div>\n\t\t\t\t<div class=\"elementor-element elementor-element-4027e05 elementor-widget elementor-widget-sitemap\" data-id=\"4027e05\" data-element_type=\"widget\" data-widget_type=\"sitemap.default\">\n\t\t\t\t\t<div class=\"elementor-sitemap-wrap\"><div class=\"elementor-sitemap-section\"><h2 class=\"elementor-sitemap-title elementor-sitemap-page-title\">Pages<\/h2><ul class=\"elementor-sitemap-list elementor-sitemap-page-list\"><li class=\"elementor-sitemap-item elementor-sitemap-item-page page_item page-item-506\"><a href=\"https:\/\/ungavapolarecotours.com\/fr-ca\/politique-de-confidentialite\/\">Politique de confidentialit\u00e9<\/a><\/li><li class=\"elementor-sitemap-item elementor-sitemap-item-page page_item page-item-187\"><a href=\"https:\/\/ungavapolarecotours.com\/fr-ca\/forfait\/forfait-tout-inclus\/\">Forfait Tout Inclus<\/a><\/li><li class=\"elementor-sitemap-item elementor-sitemap-item-page page_item page-item-167\"><a href=\"https:\/\/ungavapolarecotours.com\/fr-ca\/merci\/\">Merci<\/a><\/li><li class=\"elementor-sitemap-item elementor-sitemap-item-page page_item page-item-165\"><a href=\"https:\/\/ungavapolarecotours.com\/fr-ca\/demande-de-reservation\/\">Demande de r\u00e9servation<\/a><\/li><li class=\"elementor-sitemap-item elementor-sitemap-item-page page_item page-item-45\"><a href=\"https:\/\/ungavapolarecotours.com\/fr-ca\/nous-joindre\/\">Nous joindre<\/a><\/li><li class=\"elementor-sitemap-item elementor-sitemap-item-page page_item page-item-43 current_page_parent\"><a href=\"https:\/\/ungavapolarecotours.com\/fr-ca\/blogue\/\">Blogue<\/a><\/li><li class=\"elementor-sitemap-item elementor-sitemap-item-page page_item page-item-41\"><a href=\"https:\/\/ungavapolarecotours.com\/fr-ca\/forfait\/\">Forfait<\/a><\/li><li class=\"elementor-sitemap-item elementor-sitemap-item-page page_item page-item-39\"><a href=\"https:\/\/ungavapolarecotours.com\/fr-ca\/habitations\/\">Habitations<\/a><\/li><li class=\"elementor-sitemap-item elementor-sitemap-item-page page_item page-item-37\"><a href=\"https:\/\/ungavapolarecotours.com\/fr-ca\/\">Ungava Polar Eco-Tours<\/a><\/li><li class=\"elementor-sitemap-item elementor-sitemap-item-page page_item page-item-18\"><a href=\"https:\/\/ungavapolarecotours.com\/fr-ca\/plan-du-site\/\">Plan du site<\/a><\/li><\/ul><\/div><div class=\"elementor-sitemap-section\"><h2 class=\"elementor-sitemap-title elementor-sitemap-category-title\">Categories<\/h2><ul class=\"elementor-sitemap-list elementor-sitemap-category-list\">\t<li class=\"elementor-sitemap-item elementor-sitemap-item-category cat-item cat-item-29\"><a href=\"https:\/\/ungavapolarecotours.com\/fr-ca\/cat&eacute;gorie\/plein-air\/\">Plein-Air<\/a>\n<\/li>\n\t<li class=\"elementor-sitemap-item elementor-sitemap-item-category cat-item cat-item-30\"><a href=\"https:\/\/ungavapolarecotours.com\/fr-ca\/cat&eacute;gorie\/glamping-fr-ca-2\/\">Glamping<\/a>\n<\/li>\n\t<li class=\"elementor-sitemap-item elementor-sitemap-item-category cat-item cat-item-28\"><a href=\"https:\/\/ungavapolarecotours.com\/fr-ca\/cat&eacute;gorie\/culturel\/\">Culturel<\/a>\n<\/li>\n\t<li class=\"elementor-sitemap-item elementor-sitemap-item-category cat-item cat-item-27\"><a href=\"https:\/\/ungavapolarecotours.com\/fr-ca\/cat&eacute;gorie\/aventure\/\">Aventure<\/a>\n<\/li>\n<\/ul><\/div><div class=\"elementor-sitemap-section\"><h2 class=\"elementor-sitemap-title elementor-sitemap-post-title\">Categories<\/h2><ul class=\"elementor-sitemap-list elementor-sitemap-post-list\"><li class=\"elementor-sitemap-item elementor-sitemap-item-post page_item page-item-2505\"><a href=\"https:\/\/ungavapolarecotours.com\/fr-ca\/tourisme-nunavik\/\">Tourisme Nunavik : explorez le Grand Nord avec Ungava Polar Eco-Tours<\/a><\/li><li class=\"elementor-sitemap-item elementor-sitemap-item-post page_item page-item-2304\"><a href=\"https:\/\/ungavapolarecotours.com\/fr-ca\/18-nouveautes-a-voir-ou-a-vivre-cet-ete-au-quebec\/\">18 nouveaut\u00e9s \u00e0 voir ou \u00e0 vivre cet \u00e9t\u00e9 au Qu\u00e9bec<\/a><\/li><li class=\"elementor-sitemap-item elementor-sitemap-item-post page_item page-item-2280\"><a href=\"https:\/\/ungavapolarecotours.com\/fr-ca\/chloe-16-au-20-septembre-2024\/\">Chlo\u00e9 &#8211; 16 au 20 septembre 2024<\/a><\/li><li class=\"elementor-sitemap-item elementor-sitemap-item-post page_item page-item-2281\"><a href=\"https:\/\/ungavapolarecotours.com\/fr-ca\/jason-16-au-24-septembre-2024\/\">Jason &#8211; 16 au 24 septembre 2024<\/a><\/li><li class=\"elementor-sitemap-item elementor-sitemap-item-post page_item page-item-2282\"><a href=\"https:\/\/ungavapolarecotours.com\/fr-ca\/kayula-16-au-20-septembre-2024\/\">Kayula &#8211; 16 au 20 septembre 2024<\/a><\/li><li class=\"elementor-sitemap-item elementor-sitemap-item-post page_item page-item-2283\"><a href=\"https:\/\/ungavapolarecotours.com\/fr-ca\/karen-16-au-20-septembre-2024\/\">Karen &#8211; 16 au 20 septembre 2024<\/a><\/li><li class=\"elementor-sitemap-item elementor-sitemap-item-post page_item page-item-2284\"><a href=\"https:\/\/ungavapolarecotours.com\/fr-ca\/susan-2-au-8-septembre-2024\/\">Susan &#8211; 2 au 8 septembre 2024<\/a><\/li><li class=\"elementor-sitemap-item elementor-sitemap-item-post page_item page-item-2285\"><a href=\"https:\/\/ungavapolarecotours.com\/fr-ca\/sabine-26-aout-au-1er-septembre-2024\/\">Sabine &#8211; 26 ao\u00fbt au 1er septembre 2024<\/a><\/li><li class=\"elementor-sitemap-item elementor-sitemap-item-post page_item page-item-2286\"><a href=\"https:\/\/ungavapolarecotours.com\/fr-ca\/billy-et-linda\/\">Billy et Linda<\/a><\/li><\/ul><\/div><\/div>\t\t\t\t<\/div>\n\t\t\t\t\t<\/div>\n\t\t<\/div>\n\t\t\t\t\t<\/div>\n\t\t<\/section>\n\t\t\t\t<\/div>\n\t\t","protected":false},"excerpt":{"rendered":"<p>Plan du site<\/p>\n","protected":false},"author":1,"featured_media":0,"parent":0,"menu_order":0,"comment_status":"closed","ping_status":"closed","template":"elementor_header_footer","meta":{"_acf_changed":false,"footnotes":""},"class_list":["post-18","page","type-page","status-publish","hentry"],"acf":[],"_links":{"self":[{"href":"https:\/\/ungavapolarecotours.com\/fr-ca\/wp-json\/wp\/v2\/pages\/18","targetHints":{"allow":["GET"]}}],"collection":[{"href":"https:\/\/ungavapolarecotours.com\/fr-ca\/wp-json\/wp\/v2\/pages"}],"about":[{"href":"https:\/\/ungavapolarecotours.com\/fr-ca\/wp-json\/wp\/v2\/types\/page"}],"author":[{"embeddable":true,"href":"https:\/\/ungavapolarecotours.com\/fr-ca\/wp-json\/wp\/v2\/users\/1"}],"replies":[{"embeddable":true,"href":"https:\/\/ungavapolarecotours.com\/fr-ca\/wp-json\/wp\/v2\/comments?post=18"}],"version-history":[{"count":0,"href":"https:\/\/ungavapolarecotours.com\/fr-ca\/wp-json\/wp\/v2\/pages\/18\/revisions"}],"wp:attachment":[{"href":"https:\/\/ungavapolarecotours.com\/fr-ca\/wp-json\/wp\/v2\/media?parent=18"}],"curies":[{"name":"wp","href":"https:\/\/api.w.org\/{rel}","templated":true}]}}